{"id":103,"date":"2012-11-05T21:37:23","date_gmt":"2012-11-05T20:37:23","guid":{"rendered":"http:\/\/www.pousse-poussette.fr\/?page_id=103"},"modified":"2015-01-04T22:18:34","modified_gmt":"2015-01-04T21:18:34","slug":"photos-de-la-structure-en-2012","status":"publish","type":"page","link":"https:\/\/www.pousse-poussette.fr\/?page_id=103","title":{"rendered":"Les locaux et leurs limites"},"content":{"rendered":"<p align=\"center\"><span style=\"color: #339966;\"><strong>Une topographie complexe\u2026Ces limites transform\u00e9es en atout<\/strong><\/span><\/p>\n<p align=\"center\"><strong><span style=\"color: #ff9900;\">Pendant 25 ans, l\u2019am\u00e9nagement des locaux a \u00e9t\u00e9 pens\u00e9 pour optimiser la prise en charge \u00e9ducative et en faire un lieu d\u2019accueil chaleureux et convivial.<\/span><\/strong><\/p>\n<p align=\"center\"><span style=\"color: #3366ff;\"><strong>Dans un avenir proche, il nous est impossible d\u2019adapter les locaux aux exigences des nouveaux textes<\/strong><\/span><\/p>\n<p style=\"text-align: left;\" align=\"center\"><span style=\"color: #993366; text-decoration: underline;\"><em><strong>Pousse-Poussette aujourd&rsquo;hui&#8230; (2012)<\/strong><\/em><\/span><\/p>\n<p style=\"text-align: left;\" align=\"center\"><span style=\"color: #333333;\"><em><strong><span style=\"text-decoration: underline;\">Entr\u00e9e et ext\u00e9rieur<\/span><\/strong><\/em><\/span><\/p>\n<p><em><strong><a href=\"https:\/\/www.pousse-poussette.fr\/wp-content\/uploads\/2012\/11\/P7180031.jpg\" target=\"_blank\"><img loading=\"lazy\" decoding=\"async\" class=\"wp-image-206 alignnone\" style=\"border: 1px solid black;\" title=\"Entr\u00e9e n\u00b026\" src=\"https:\/\/www.pousse-poussette.fr\/wp-content\/uploads\/2012\/11\/P7180031-150x150.jpg\" alt=\"\" width=\"150\" height=\"150\" \/><\/a><\/strong><\/em><strong>\u00a0<\/strong><strong><a href=\"https:\/\/www.pousse-poussette.fr\/wp-content\/uploads\/2012\/11\/acces-aux-vestiaires1.jpg\" target=\"_blank\"><img loading=\"lazy\" decoding=\"async\" class=\"alignnone size-thumbnail wp-image-197\" style=\"border: 1px solid black;\" title=\"Entr\u00e9e\" src=\"https:\/\/www.pousse-poussette.fr\/wp-content\/uploads\/2012\/11\/acces-aux-vestiaires1-150x150.jpg\" alt=\"\" width=\"150\" height=\"150\" \/><\/a>\u00a0<a title=\"Entr\u00e9e\" href=\"https:\/\/www.pousse-poussette.fr\/wp-content\/uploads\/2012\/11\/P7180032.jpg\" target=\"_blank\"><span style=\"color: #888888;\"><img loading=\"lazy\" decoding=\"async\" class=\"alignnone size-thumbnail wp-image-207\" style=\"border: 1px solid black;\" title=\"Entr\u00e9e\" src=\"https:\/\/www.pousse-poussette.fr\/wp-content\/uploads\/2012\/11\/P7180032-150x150.jpg\" alt=\"\" width=\"150\" height=\"150\" \/><\/span><\/a>\u00a0<a href=\"https:\/\/www.pousse-poussette.fr\/wp-content\/uploads\/2012\/11\/P7180033.jpg\" target=\"_blank\"><img loading=\"lazy\" decoding=\"async\" class=\"alignnone\" style=\"border: 1px solid black;\" title=\"Entr\u00e9e\" src=\"https:\/\/www.pousse-poussette.fr\/wp-content\/uploads\/2012\/11\/P7180033-150x150.jpg\" alt=\"\" width=\"150\" height=\"150\" \/><\/a>\u00a0<a href=\"https:\/\/www.pousse-poussette.fr\/wp-content\/uploads\/2012\/11\/P7130023.jpg\" target=\"_blank\"><img loading=\"lazy\" decoding=\"async\" class=\"alignnone\" style=\"border: 1px solid black;\" title=\"Ext\u00e9rieur\" src=\"https:\/\/www.pousse-poussette.fr\/wp-content\/uploads\/2012\/11\/P7130023-150x150.jpg\" alt=\"\" width=\"150\" height=\"150\" \/><\/a>\u00a0<a href=\"https:\/\/www.pousse-poussette.fr\/wp-content\/uploads\/2012\/11\/escaliers-entr\u00e9e1.jpg\" target=\"_blank\"><img loading=\"lazy\" decoding=\"async\" class=\"alignnone\" style=\"border: 1px solid black;\" title=\"Entr\u00e9e\" src=\"https:\/\/www.pousse-poussette.fr\/wp-content\/uploads\/2012\/11\/escaliers-entr\u00e9e1-150x150.jpg\" alt=\"\" width=\"150\" height=\"150\" \/><\/a><\/strong><\/p>\n<p style=\"text-align: left;\"><span style=\"color: #333333; text-decoration: underline;\"><em><strong>Salle principale, cuisine et espace\u00a0change des \u00ab\u00a0grands\u00a0\u00bb<\/strong><\/em><\/span><\/p>\n<p><strong><a href=\"https:\/\/www.pousse-poussette.fr\/wp-content\/uploads\/2012\/11\/P7180047.jpg\" target=\"_blank\"><img loading=\"lazy\" decoding=\"async\" class=\"alignnone size-thumbnail wp-image-213\" style=\"border: 1px solid black;\" title=\"Acc\u00e8s salle principale\" src=\"https:\/\/www.pousse-poussette.fr\/wp-content\/uploads\/2012\/11\/P7180047-150x150.jpg\" alt=\"\" width=\"150\" height=\"150\" \/><\/a>\u00a0<a href=\"https:\/\/www.pousse-poussette.fr\/wp-content\/uploads\/2012\/11\/P7130016.jpg\" target=\"_blank\"><img loading=\"lazy\" decoding=\"async\" class=\"alignnone size-thumbnail wp-image-201\" style=\"border: 1px solid black;\" title=\"Salle principale\" src=\"https:\/\/www.pousse-poussette.fr\/wp-content\/uploads\/2012\/11\/P7130016-150x150.jpg\" alt=\"\" width=\"150\" height=\"150\" \/><\/a>\u00a0<a href=\"https:\/\/www.pousse-poussette.fr\/wp-content\/uploads\/2012\/11\/cuisine1.jpg\" target=\"_blank\"><img loading=\"lazy\" decoding=\"async\" class=\"alignnone size-thumbnail wp-image-198\" style=\"border: 1px solid black;\" title=\"Cuisine\" src=\"https:\/\/www.pousse-poussette.fr\/wp-content\/uploads\/2012\/11\/cuisine1-150x150.jpg\" alt=\"\" width=\"150\" height=\"150\" \/><\/a>\u00a0<a href=\"https:\/\/www.pousse-poussette.fr\/wp-content\/uploads\/2012\/11\/P8290027.jpg\" target=\"_blank\"><img loading=\"lazy\" decoding=\"async\" class=\"alignnone size-thumbnail wp-image-214\" style=\"border: 1px solid black;\" title=\"Espace change des &quot;grands&quot;\" src=\"https:\/\/www.pousse-poussette.fr\/wp-content\/uploads\/2012\/11\/P8290027-150x150.jpg\" alt=\"\" width=\"150\" height=\"150\" \/><\/a>\u00a0<a href=\"https:\/\/www.pousse-poussette.fr\/wp-content\/uploads\/2012\/11\/P71300151.jpg\" target=\"_blank\"><img loading=\"lazy\" decoding=\"async\" class=\"alignnone size-thumbnail wp-image-200\" style=\"border: 1px solid black;\" title=\"Espace change des &quot;grands&quot;\" src=\"https:\/\/www.pousse-poussette.fr\/wp-content\/uploads\/2012\/11\/P71300151-150x150.jpg\" alt=\"\" width=\"150\" height=\"150\" \/><\/a>\u00a0<a href=\"https:\/\/www.pousse-poussette.fr\/wp-content\/uploads\/2012\/11\/P8290027_New1.jpg\" target=\"_blank\"><img loading=\"lazy\" decoding=\"async\" class=\"alignnone\" style=\"border: 1px solid black;\" title=\"Salle principale\" src=\"https:\/\/www.pousse-poussette.fr\/wp-content\/uploads\/2012\/11\/P8290027_New1-150x150.jpg\" alt=\"\" width=\"150\" height=\"150\" \/><\/a>\u00a0<a href=\"https:\/\/www.pousse-poussette.fr\/wp-content\/uploads\/2012\/11\/P7130018.jpg\" target=\"_blank\"><img loading=\"lazy\" decoding=\"async\" class=\"alignnone size-thumbnail wp-image-202\" style=\"border: 1px solid black;\" title=\"Salle principale\" src=\"https:\/\/www.pousse-poussette.fr\/wp-content\/uploads\/2012\/11\/P7130018-150x150.jpg\" alt=\"\" width=\"150\" height=\"150\" \/><\/a><\/strong><\/p>\n<p><span style=\"color: #333333; text-decoration: underline;\"><em><strong>La v\u00e9randa<\/strong><\/em><\/span><\/p>\n<p><strong><a href=\"https:\/\/www.pousse-poussette.fr\/wp-content\/uploads\/2012\/11\/P7130020.jpg\" target=\"_blank\"><img loading=\"lazy\" decoding=\"async\" class=\"alignnone size-thumbnail wp-image-203\" style=\"border: 1px solid black;\" title=\"V\u00e9randa\" src=\"https:\/\/www.pousse-poussette.fr\/wp-content\/uploads\/2012\/11\/P7130020-150x150.jpg\" alt=\"\" width=\"150\" height=\"150\" \/><\/a>\u00a0<a href=\"https:\/\/www.pousse-poussette.fr\/wp-content\/uploads\/2012\/11\/v\u00e9randa.jpg\" target=\"_blank\"><img loading=\"lazy\" decoding=\"async\" class=\"alignnone size-thumbnail wp-image-230\" style=\"border: 1px solid black;\" title=\"V\u00e9randa\" src=\"https:\/\/www.pousse-poussette.fr\/wp-content\/uploads\/2012\/11\/v\u00e9randa-150x150.jpg\" alt=\"\" width=\"150\" height=\"150\" \/><\/a>\u00a0<a href=\"https:\/\/www.pousse-poussette.fr\/wp-content\/uploads\/2012\/11\/P7130021.jpg\" target=\"_blank\"><img loading=\"lazy\" decoding=\"async\" class=\"alignnone size-thumbnail wp-image-204\" style=\"border: 1px solid black;\" title=\"V\u00e9randa - coin des &quot;petits&quot;\" src=\"https:\/\/www.pousse-poussette.fr\/wp-content\/uploads\/2012\/11\/P7130021-150x150.jpg\" alt=\"\" width=\"150\" height=\"150\" \/><\/a><\/strong><\/p>\n<p><span style=\"color: #333333; text-decoration: underline;\"><em><strong>L&rsquo;\u00e9tage : les deux chambres et l&rsquo;espace de change des \u00ab\u00a0petits\u00a0\u00bb<\/strong><\/em><\/span><\/p>\n<p><strong><a href=\"https:\/\/www.pousse-poussette.fr\/wp-content\/uploads\/2012\/11\/P7180045.jpg\" target=\"_blank\"><img loading=\"lazy\" decoding=\"async\" class=\"alignnone size-thumbnail wp-image-212\" style=\"border: 1px solid black;\" title=\"Acc\u00e8s chambres et change des &quot;petits&quot;\" src=\"https:\/\/www.pousse-poussette.fr\/wp-content\/uploads\/2012\/11\/P7180045-150x150.jpg\" alt=\"\" width=\"150\" height=\"150\" \/><\/a>\u00a0<a href=\"https:\/\/www.pousse-poussette.fr\/wp-content\/uploads\/2012\/11\/P8290028.jpg\" target=\"_blank\"><img loading=\"lazy\" decoding=\"async\" class=\"alignnone size-thumbnail wp-image-216\" style=\"border: 1px solid black;\" title=\"Espace change des &quot;petits&quot;\" src=\"https:\/\/www.pousse-poussette.fr\/wp-content\/uploads\/2012\/11\/P8290028-150x150.jpg\" alt=\"\" width=\"150\" height=\"150\" \/><\/a>\u00a0<a href=\"https:\/\/www.pousse-poussette.fr\/wp-content\/uploads\/2012\/11\/P7180041.jpg\" target=\"_blank\"><img loading=\"lazy\" decoding=\"async\" class=\"alignnone size-thumbnail wp-image-210\" style=\"border: 1px solid black;\" title=\"Couloir acc\u00e8s chambres\" src=\"https:\/\/www.pousse-poussette.fr\/wp-content\/uploads\/2012\/11\/P7180041-150x150.jpg\" alt=\"\" width=\"150\" height=\"150\" \/><\/a>\u00a0<a href=\"https:\/\/www.pousse-poussette.fr\/wp-content\/uploads\/2012\/11\/P7180042.jpg\" target=\"_blank\"><img loading=\"lazy\" decoding=\"async\" class=\"alignnone size-thumbnail wp-image-211\" style=\"border: 1px solid black;\" title=\"Chambre des &quot;petits&quot;\" src=\"https:\/\/www.pousse-poussette.fr\/wp-content\/uploads\/2012\/11\/P7180042-150x150.jpg\" alt=\"\" width=\"150\" height=\"150\" \/><\/a>\u00a0<a href=\"https:\/\/www.pousse-poussette.fr\/wp-content\/uploads\/2012\/11\/P7180038.jpg\" target=\"_blank\"><img loading=\"lazy\" decoding=\"async\" class=\"alignnone size-thumbnail wp-image-209\" style=\"border: 1px solid black;\" title=\"Chambre des &quot;grands&quot;\" src=\"https:\/\/www.pousse-poussette.fr\/wp-content\/uploads\/2012\/11\/P7180038-150x150.jpg\" alt=\"\" width=\"150\" height=\"150\" \/><\/a><\/strong><\/p>\n","protected":false},"excerpt":{"rendered":"<p>Une topographie complexe\u2026Ces limites transform\u00e9es en atout Pendant 25 ans, l\u2019am\u00e9nagement des locaux a \u00e9t\u00e9 pens\u00e9 pour optimiser la prise en charge \u00e9ducative et en faire un lieu d\u2019accueil chaleureux et convivial. Dans un avenir proche, il nous est impossible d\u2019adapter les locaux aux exigences des nouveaux textes Pousse-Poussette aujourd&rsquo;hui&#8230; (2012) Entr\u00e9e et ext\u00e9rieur \u00a0\u00a0\u00a0\u00a0\u00a0&#8230;<br \/><a class=\"more-link\" href=\"https:\/\/www.pousse-poussette.fr\/?page_id=103\">Continue reading &raquo;<\/a><\/p>\n","protected":false},"author":1,"featured_media":0,"parent":1100,"menu_order":3,"comment_status":"closed","ping_status":"closed","template":"","meta":{"footnotes":""},"class_list":["post-103","page","type-page","status-publish","hentry"],"_links":{"self":[{"href":"https:\/\/www.pousse-poussette.fr\/index.php?rest_route=\/wp\/v2\/pages\/103","targetHints":{"allow":["GET"]}}],"collection":[{"href":"https:\/\/www.pousse-poussette.fr\/index.php?rest_route=\/wp\/v2\/pages"}],"about":[{"href":"https:\/\/www.pousse-poussette.fr\/index.php?rest_route=\/wp\/v2\/types\/page"}],"author":[{"embeddable":true,"href":"https:\/\/www.pousse-poussette.fr\/index.php?rest_route=\/wp\/v2\/users\/1"}],"replies":[{"embeddable":true,"href":"https:\/\/www.pousse-poussette.fr\/index.php?rest_route=%2Fwp%2Fv2%2Fcomments&post=103"}],"version-history":[{"count":49,"href":"https:\/\/www.pousse-poussette.fr\/index.php?rest_route=\/wp\/v2\/pages\/103\/revisions"}],"predecessor-version":[{"id":144,"href":"https:\/\/www.pousse-poussette.fr\/index.php?rest_route=\/wp\/v2\/pages\/103\/revisions\/144"}],"up":[{"embeddable":true,"href":"https:\/\/www.pousse-poussette.fr\/index.php?rest_route=\/wp\/v2\/pages\/1100"}],"wp:attachment":[{"href":"https:\/\/www.pousse-poussette.fr\/index.php?rest_route=%2Fwp%2Fv2%2Fmedia&parent=103"}],"curies":[{"name":"wp","href":"https:\/\/api.w.org\/{rel}","templated":true}]}}