{"id":115,"date":"2012-11-05T21:48:58","date_gmt":"2012-11-05T20:48:58","guid":{"rendered":"http:\/\/www.pousse-poussette.fr\/?page_id=115"},"modified":"2015-01-04T23:19:51","modified_gmt":"2015-01-04T22:19:51","slug":"la-construction","status":"publish","type":"page","link":"https:\/\/www.pousse-poussette.fr\/?page_id=115","title":{"rendered":"Entreprises et acteurs"},"content":{"rendered":"<p><strong><span style=\"text-decoration: underline;\">Les entreprises et acteurs du projet<\/span> :<\/strong><\/p>\n<p><span style=\"text-decoration: underline;\"><span style=\"color: #333399;\"><strong>Ma\u00eetre d\u2019ouvrage<\/strong><\/span><\/span><br \/>\n<strong>Cr\u00e8che Pousse Poussette<\/strong><br \/>\n63 Rue Notre Dame de Lorette \u2013 88000 \u00c9PINAL<br \/>\nT\u00e9l :\u00a003.29.82.42.62<\/p>\n<p><span style=\"text-decoration: underline;\"><span style=\"color: #333399; text-decoration: underline;\"><strong>Ma\u00eetre d\u2019oeuvre<\/strong><\/span><\/span><br \/>\n<strong>J-L G\u00c9RARD Architecte<\/strong><br \/>\n17 Place des Vosges &#8211; 88000 \u00c9PINAL<br \/>\nT\u00e9l : 03 29 29 08 88<\/p>\n<p><strong>BET Fluid\u2019Concept<\/strong><br \/>\nZAC Petite Champagne &#8211; 88300 REBEUVILLE<br \/>\nT\u00e9l : 03 29 94 15 34<\/p>\n<p><span style=\"text-decoration: underline;\"><span style=\"color: #333399; text-decoration: underline;\"><strong>SPS<\/strong><\/span><\/span><br \/>\n<strong>ACE BTP<\/strong><br \/>\n12 Rue Gallieni &#8211; 54000 NANCY<br \/>\nT\u00e9l : 03 83 90 03 73<\/p>\n<p><span style=\"text-decoration: underline;\"><span style=\"color: #333399; text-decoration: underline;\"><strong>Contr\u00f4le technique<\/strong><\/span><\/span><br \/>\n<strong>V\u00c9RITAS<\/strong><br \/>\nLe Clos des Terrasses &#8211; 88190 GOLBEY<br \/>\nT\u00e9l : 03 83 96 80 93<\/p>\n<p><span style=\"color: #333399;\"><strong><span style=\"text-decoration: underline;\">Lot 01<\/span> &#8211; VRD<\/strong><\/span><br \/>\n<strong>Entreprise POIROT<\/strong><br \/>\n5, Grande rue &#8211; 88330 ZINCOURT<br \/>\nT\u00e9l : 03 29 67 60 06<\/p>\n<p><span style=\"color: #333399;\"><strong><span style=\"text-decoration: underline;\">Lot 02<\/span> &#8211; Gros\u00a0Oeuvre<\/strong><\/span><br \/>\n<strong>Entreprise PILGRAIN<\/strong><br \/>\n1, Rue Thiraufontaine &#8211; 88270 DAMAS &amp; BETTEGNEY<br \/>\nT\u00e9l : 03 29 36 51 10<\/p>\n<p><span style=\"color: #333399;\"><strong><span style=\"text-decoration: underline;\">Lot 03<\/span> &#8211; Charpente, bardage<\/strong><\/span><br \/>\n<strong>Entreprise SERTELET<\/strong><br \/>\n1, Route de Saales &#8211; 88490 PROVENCHERE s\/FAVE<br \/>\nT\u00e9l : 03 29 57 70 32<\/p>\n<p><span style=\"color: #333399;\"><strong><span style=\"text-decoration: underline;\">Lot 03bis<\/span> &#8211; Isolation ext\u00e9rieure ;\u00a0<span style=\"text-decoration: underline;\">Lot 07<\/span> &#8211; Pl\u00e2trerie ;\u00a0<span style=\"text-decoration: underline;\">Lot 12<\/span> &#8211; Peinture<\/strong><\/span><br \/>\n<strong>Entreprise CANONICA<\/strong><br \/>\n411 Rue des Mauvais bl\u00e9s &#8211; 88600 FAYS<br \/>\nT\u00e9l : 03 29 36 85 99<\/p>\n<p><span style=\"color: #333399;\"><strong><span style=\"text-decoration: underline;\">Lot 04<\/span> &#8211; Couverture, \u00e9tanch\u00e9it\u00e9<\/strong><\/span><br \/>\n<strong>Entreprise CPIS<\/strong><br \/>\n8, Rue Christophe Denis &#8211; 88000 \u00c9PINAL<br \/>\nT\u00e9l : 03 29 82 01 94<\/p>\n<p><span style=\"color: #333399;\"><strong><span style=\"text-decoration: underline;\">Lot 05<\/span> &#8211; Menuiserie ext\u00e9rieure ;\u00a0<span style=\"text-decoration: underline;\">Lot 06<\/span> &#8211;\u00a0Menuiserie Int\u00e9rieure<\/strong> <\/span><br \/>\n<strong>Entreprise HOUILLON<\/strong><br \/>\nDamas &amp; Bettegney &#8211; 88270 DOMPAIRE<br \/>\nT\u00e9l : 03 29 36 64 62<\/p>\n<p><span style=\"color: #333399;\"><strong><span style=\"text-decoration: underline;\">Lot 08<\/span> &#8211; \u00c9lectricit\u00e9<\/strong><\/span><br \/>\n<strong>Entreprise KRICK<\/strong><br \/>\n260 Rue de Lorraine &#8211; 88150 THAON L VOSGES<br \/>\nT\u00e9l : 03 29 39 35 76<\/p>\n<p><span style=\"color: #333399;\"><strong><span style=\"text-decoration: underline;\">Lot 09<\/span> &#8211; Chauffage, Vmc ; <span style=\"text-decoration: underline;\">Lot 10<\/span> &#8211; Plomberie, sanitaire<\/strong><\/span><br \/>\n<strong>Entreprise CHAUFFATEC<\/strong><br \/>\n15 Avenue le Corbusier &#8211; 88100 SAINT DI\u00c9<br \/>\nT\u00e9l : 03 29 55 59 95<\/p>\n<p><span style=\"color: #333399;\"><strong><span style=\"text-decoration: underline;\">LOT 11<\/span> &#8211; Chappe, carrelage<\/strong><\/span><br \/>\n<strong>Entreprise JB CARRELAG<\/strong><br \/>\n19 rue de la Moselle &#8211; 88150 GIRMONT<br \/>\nT\u00e9l : 03 29 31 54 14<\/p>\n","protected":false},"excerpt":{"rendered":"<p>Les entreprises et acteurs du projet : Ma\u00eetre d\u2019ouvrage Cr\u00e8che Pousse Poussette 63 Rue Notre Dame de Lorette \u2013 88000 \u00c9PINAL T\u00e9l :\u00a003.29.82.42.62 Ma\u00eetre d\u2019oeuvre J-L G\u00c9RARD Architecte 17 Place des Vosges &#8211; 88000 \u00c9PINAL T\u00e9l : 03 29 29 08 88 BET Fluid\u2019Concept ZAC Petite Champagne &#8211; 88300 REBEUVILLE T\u00e9l : 03 29 94&#8230;<br \/><a class=\"more-link\" href=\"https:\/\/www.pousse-poussette.fr\/?page_id=115\">Continue reading &raquo;<\/a><\/p>\n","protected":false},"author":1,"featured_media":0,"parent":1122,"menu_order":4,"comment_status":"open","ping_status":"open","template":"","meta":{"footnotes":""},"class_list":["post-115","page","type-page","status-publish","hentry"],"_links":{"self":[{"href":"https:\/\/www.pousse-poussette.fr\/index.php?rest_route=\/wp\/v2\/pages\/115","targetHints":{"allow":["GET"]}}],"collection":[{"href":"https:\/\/www.pousse-poussette.fr\/index.php?rest_route=\/wp\/v2\/pages"}],"about":[{"href":"https:\/\/www.pousse-poussette.fr\/index.php?rest_route=\/wp\/v2\/types\/page"}],"author":[{"embeddable":true,"href":"https:\/\/www.pousse-poussette.fr\/index.php?rest_route=\/wp\/v2\/users\/1"}],"replies":[{"embeddable":true,"href":"https:\/\/www.pousse-poussette.fr\/index.php?rest_route=%2Fwp%2Fv2%2Fcomments&post=115"}],"version-history":[{"count":7,"href":"https:\/\/www.pousse-poussette.fr\/index.php?rest_route=\/wp\/v2\/pages\/115\/revisions"}],"predecessor-version":[{"id":1125,"href":"https:\/\/www.pousse-poussette.fr\/index.php?rest_route=\/wp\/v2\/pages\/115\/revisions\/1125"}],"up":[{"embeddable":true,"href":"https:\/\/www.pousse-poussette.fr\/index.php?rest_route=\/wp\/v2\/pages\/1122"}],"wp:attachment":[{"href":"https:\/\/www.pousse-poussette.fr\/index.php?rest_route=%2Fwp%2Fv2%2Fmedia&parent=115"}],"curies":[{"name":"wp","href":"https:\/\/api.w.org\/{rel}","templated":true}]}}