{"id":120,"date":"2012-11-05T21:54:48","date_gmt":"2012-11-05T20:54:48","guid":{"rendered":"http:\/\/www.pousse-poussette.fr\/?page_id=120"},"modified":"2015-01-04T23:17:49","modified_gmt":"2015-01-04T22:17:49","slug":"new_construction_why","status":"publish","type":"page","link":"https:\/\/www.pousse-poussette.fr\/?page_id=120","title":{"rendered":"Pourquoi ?"},"content":{"rendered":"<p style=\"text-align: justify;\" align=\"left\"><span style=\"color: #808080;\"><strong><span style=\"font-family: Arial;\">Pour pouvoir continuer \u00e0 rendre service aux\u00a0 familles d\u2019Epinal et de ses environs,<br \/>\n<\/span><\/strong><strong><span style=\"font-family: Arial;\">Pour pouvoir p\u00e9renniser les postes des 9 salari\u00e9es qui accueillent les enfants de ces familles, <\/span><\/strong><strong><span style=\"font-family: Arial;\">il nous fallait construire de nouveaux locaux, ceux actuels ayant, au bout de 24 ans, atteint leurs limites d\u2019am\u00e9lioration possible.<\/span><\/strong><\/span><\/p>\n<p style=\"text-align: justify;\"><span style=\"color: #808080; font-family: Arial;\">Nous avons orient\u00e9 notre choix sur un maintien dans le quartier de la nouvelle structure. Ainsi nous ne mettons pas en p\u00e9ril le fonctionnement du Multi-accueil et ne perturbons pas l\u2019\u00e9quilibre de la r\u00e9partition des moyens d\u2019accueil sur le secteur d\u2019Epinal et ses environs. Nous restons proches des communes qui ont accept\u00e9 de signer la Convention de soutien aux cr\u00e8ches associatives, nous pouvons donc continuer \u00e0 rendre service \u00e0 ceux de leurs habitants qui nous sollicitent.<\/span><\/p>\n<p style=\"text-align: justify;\"><span style=\"color: #2495da;\"><strong><span style=\"font-family: Arial;\">Par ce projet, nous r\u00e9glons\u00a0:<\/span><\/strong><\/span><\/p>\n<p style=\"text-align: justify; padding-left: 30px;\"><span style=\"color: #2495da;\"><span style=\"font-family: Arial;\"><strong>&#8211;<\/strong> Le probl\u00e8me de l\u2019accessibilit\u00e9 aux personnes handicap\u00e9es, mais aussi nous am\u00e9liorons l\u2019acc\u00e8s des parents amenant leur enfant en poussette, et facilitons la r\u00e9ception des livraisons de mat\u00e9riel.<br \/>\n<\/span><\/span><span style=\"color: #2495da;\"><span style=\"font-family: Arial;\"><strong>&#8211;<\/strong> Les difficult\u00e9s de parking pour les usagers et les professionnels.<\/span><\/span><\/p>\n<p style=\"text-align: justify;\"><span style=\"color: #666699;\"><span style=\"font-family: Arial;\"><strong>Par ailleurs\u00a0:<\/strong> <\/span><\/span><\/p>\n<p style=\"text-align: justify; padding-left: 30px;\"><span style=\"color: #666699;\"><span style=\"font-family: Arial;\"><strong>&#8211;<\/strong> La structure, envisag\u00e9e enti\u00e8rement de plain pied, devance l\u2019exigence d\u2019accessibilit\u00e9 int\u00e9rieure des locaux (il ne peut \u00eatre envisageable d\u2019installer un ascenseur au centre d\u2019une petite structure).<br \/>\n<\/span><\/span><span style=\"color: #666699;\"><span style=\"font-family: Arial;\"><strong>&#8211;<\/strong> Cette configuration apporte un confort de travail pour l\u2019\u00e9quipe.<br \/>\n<strong>&#8211; <\/strong><\/span><\/span><span style=\"color: #666699;\"><span style=\"font-family: Arial;\">La nouvelle structure nous permet \u00e9galement de r\u00e9pondre aux r\u00e9glementations d\u2019espace r\u00e9serv\u00e9 au personnel (vestiaires, WC\u2026)<br \/>\n<\/span><\/span><span style=\"color: #666699;\"><span style=\"font-family: Arial;\"><strong>&#8211;<\/strong> Les locaux techniques ont un espace bien distincts qui leur est r\u00e9serv\u00e9 ainsi que des acc\u00e8s directs par l\u2019ext\u00e9rieur, facilitant ainsi un circuit logique d\u2019utilisation et le respect des r\u00e8gles d\u2019hygi\u00e8ne.<br \/>\n<\/span><\/span><span style=\"color: #666699; font-family: Arial;\"><strong>&#8211;<\/strong> Les parents ont toujours appr\u00e9ci\u00e9 que les repas soient pr\u00e9par\u00e9s sur place. Pour que nous puissions faire perdurer ce point important de notre projet p\u00e9dagogique, (les pratiques rigoureuses d\u2019hygi\u00e8ne au quotidien et les relev\u00e9s p\u00e9riodiques de bonnes qualit\u00e9\u00a0 ne suffisent plus), nous devons imp\u00e9rativement mettre aux normes l\u2019espace de la cuisine et le lieu de stockage. Ceci sera possible dans les nouveaux locaux. Nous avons rencontr\u00e9 le Responsable du Laboratoire V\u00e9t\u00e9rinaire D\u00e9partemental, afin qu\u2019il nous guide dans la conception de la configuration de cet espace\u00a0; ce que nous avons \u00e9galement travaill\u00e9 avec l\u2019architecte.<br \/>\n<strong>&#8211; <\/strong><\/span><span style=\"color: #666699;\"><span style=\"font-family: Arial;\">Nous pouvons envisager\u00a0 un accueil plus confortable des parents (taille du bureau), ainsi qu\u2019un meilleur respect de la confidentialit\u00e9.\u00a0<\/span><span style=\"font-family: Arial;\"><br \/>\n<\/span><\/span><span style=\"color: #666699;\"><span style=\"font-family: Arial;\"><strong>&#8211;<\/strong> Nous avons volontairement choisi de laisser aux parents, comme dans la cr\u00e8che actuelle, la possibilit\u00e9 d\u2019entrer sans contrainte dans la structure (sauf celle de l\u2019utilisation des sur-chaussures) et de leur laisser libre regard sur l\u2019ensemble de l\u2019espace de vie des enfants.<br \/>\n<strong>&#8211; <\/strong><\/span><\/span><span style=\"color: #666699;\"><span style=\"font-family: Arial;\">Les espaces sommeil et sanitaires r\u00e9unissent les conditions de confort, de bien-\u00eatre, d\u2019hygi\u00e8ne et de s\u00e9curit\u00e9.<br \/>\n<strong>&#8211; <\/strong><\/span><\/span><span style=\"color: #666699;\"><span style=\"font-family: Arial;\">Les espaces de jeux sont agrandis et permettent une meilleure circulation, tout en rappelant par leur am\u00e9nagement certains \u00e9l\u00e9ments de l\u2019ancienne structure.<br \/>\n<strong>&#8211; <\/strong><\/span><\/span><span style=\"color: #666699; font-family: Arial;\">La salle\u00a0 de vie ouvrant sur le jardin, nous retrouvons toutes les conditions optimum pour faire b\u00e9n\u00e9ficier aux enfants de l\u2019espace de jeu ext\u00e9rieur.<\/span><\/p>\n<p style=\"text-align: justify;\"><span style=\"color: #ffcc00;\"><strong><span style=\"font-family: Arial;\">\u00a0<\/span><span style=\"color: #2495da; font-family: Arial;\">Enfin\u00a0:<\/span><\/strong><\/span><\/p>\n<p style=\"text-align: justify; padding-left: 30px;\"><span style=\"color: #2495da; font-family: Arial;\"><strong>&#8211;<\/strong> La nouvelle surface, 250 m2, nous conduit \u00e0 solliciter un agr\u00e9ment de 25 places\u00a0 afin de mieux r\u00e9pondre au besoin des familles.<br \/>\n<\/span><span style=\"color: #2495da;\"><strong><span style=\"font-family: Arial;\">&#8211; Conserver l\u2019ambiance chaleureuse de la structure actuelle, respecter les exigences des nouvelles normes\u00a0: le projet a \u00e9t\u00e9 enti\u00e8rement r\u00e9fl\u00e9chi sur la base de notre exp\u00e9rience et avec l\u2019accompagnement pr\u00e9cieux de Monsieur Jean-Luc G\u00e9rard, notre architecte.<\/span><\/strong><\/span><\/p>\n","protected":false},"excerpt":{"rendered":"<p>Pour pouvoir continuer \u00e0 rendre service aux\u00a0 familles d\u2019Epinal et de ses environs, Pour pouvoir p\u00e9renniser les postes des 9 salari\u00e9es qui accueillent les enfants de ces familles, il nous fallait construire de nouveaux locaux, ceux actuels ayant, au bout de 24 ans, atteint leurs limites d\u2019am\u00e9lioration possible. Nous avons orient\u00e9 notre choix sur un&#8230;<br \/><a class=\"more-link\" href=\"https:\/\/www.pousse-poussette.fr\/?page_id=120\">Continue reading &raquo;<\/a><\/p>\n","protected":false},"author":1,"featured_media":0,"parent":1122,"menu_order":1,"comment_status":"open","ping_status":"closed","template":"","meta":{"footnotes":""},"class_list":["post-120","page","type-page","status-publish","hentry"],"_links":{"self":[{"href":"https:\/\/www.pousse-poussette.fr\/index.php?rest_route=\/wp\/v2\/pages\/120","targetHints":{"allow":["GET"]}}],"collection":[{"href":"https:\/\/www.pousse-poussette.fr\/index.php?rest_route=\/wp\/v2\/pages"}],"about":[{"href":"https:\/\/www.pousse-poussette.fr\/index.php?rest_route=\/wp\/v2\/types\/page"}],"author":[{"embeddable":true,"href":"https:\/\/www.pousse-poussette.fr\/index.php?rest_route=\/wp\/v2\/users\/1"}],"replies":[{"embeddable":true,"href":"https:\/\/www.pousse-poussette.fr\/index.php?rest_route=%2Fwp%2Fv2%2Fcomments&post=120"}],"version-history":[{"count":15,"href":"https:\/\/www.pousse-poussette.fr\/index.php?rest_route=\/wp\/v2\/pages\/120\/revisions"}],"predecessor-version":[{"id":1124,"href":"https:\/\/www.pousse-poussette.fr\/index.php?rest_route=\/wp\/v2\/pages\/120\/revisions\/1124"}],"up":[{"embeddable":true,"href":"https:\/\/www.pousse-poussette.fr\/index.php?rest_route=\/wp\/v2\/pages\/1122"}],"wp:attachment":[{"href":"https:\/\/www.pousse-poussette.fr\/index.php?rest_route=%2Fwp%2Fv2%2Fmedia&parent=120"}],"curies":[{"name":"wp","href":"https:\/\/api.w.org\/{rel}","templated":true}]}}