{"id":3109,"date":"2020-11-05T14:24:55","date_gmt":"2020-11-05T13:24:55","guid":{"rendered":"http:\/\/www.pousse-poussette.fr\/?page_id=3109"},"modified":"2021-03-25T17:31:28","modified_gmt":"2021-03-25T16:31:28","slug":"un-nouveau-projet-pour-le-multi-accueil-extension-et-climatisation","status":"publish","type":"page","link":"https:\/\/www.pousse-poussette.fr\/?page_id=3109","title":{"rendered":"Un nouveau projet pour le Multi-accueil : Extension et climatisation"},"content":{"rendered":"\n<p><br>2020\/2021 est une ann\u00e9e porteuse de projets pour le multi-accueil !<\/p>\n\n\n\n<p>De grands travaux sont en projet pour apporter \u00e0 la structure d\u00e9j\u00e0 existante une extension avec la cr\u00e9ation d&rsquo;un espace d\u00e9tente \u00e0 destination des enfants,, un nouveau pr\u00e9au con\u00e7u pour limiter la chaleur dans l&rsquo;espace int\u00e9rieur et l&rsquo;exposition directe au soleil, et enfin une climatisation sp\u00e9cifique pour maintenir une temp\u00e9rature agr\u00e9able au sein des locaux.<\/p>\n\n\n\n<p>La cr\u00e8che int\u00e8gre son projet dans une d\u00e9marche environnementale et locale d\u00e9j\u00e0 bien engag\u00e9e. <\/p>\n\n\n\n<p>En voici un descriptif complet : <\/p>\n\n\n\n<figure class=\"wp-block-image\"><a href=\"https:\/\/www.pousse-poussette.fr\/wp-content\/uploads\/2020\/07\/APPEL-AUX-DONS-CRECHE-MAI-2020-verso-1024x736.jpg\" target=\"_blank\" rel=\"noreferrer noopener\"><img decoding=\"async\" src=\"https:\/\/www.pousse-poussette.fr\/wp-content\/uploads\/2020\/07\/APPEL-AUX-DONS-CRECHE-MAI-2020-verso-1024x736.jpg\" alt=\"L\u2019attribut alt de cette image est vide, son nom de fichier est APPEL-AUX-DONS-CRECHE-MAI-2020-verso-1024x736.jpg.\"\/><\/a><\/figure>\n\n\n\n<p>Pour mener \u00e0 bien ce grand projet d&rsquo;am\u00e9lioration du b\u00e2timent, la <strong>CAF des Vosges<\/strong> s&rsquo;engage \u00e0 nos c\u00f4t\u00e9s. <\/p>\n\n\n\n<p>N\u00e9anmoins, la cr\u00e8che a \u00e9galement besoin de vous et la structure organise <strong>un grand appel aux dons.<\/strong> Une cagnotte en ligne est ouverte sur Leetchi :  <br><a rel=\"noreferrer noopener\" href=\"https:\/\/www.leetchi.com\/c\/pousse-poussette\" target=\"_blank\">https:\/\/www.leetchi.com\/c\/pousse-poussette<\/a> <\/p>\n\n\n\n<p>Nous remercions chaleureusement tous les dons per\u00e7us, et la communication faite par l&rsquo;ensemble de l&rsquo;\u00e9quipe, les membres du CA et les familles autour de ce projet ! Un grand merci \u00e0 tous !! <\/p>\n\n\n\n<figure class=\"wp-block-image\"><a href=\"https:\/\/www.pousse-poussette.fr\/wp-content\/uploads\/2020\/07\/APPEL-AUX-DONS-CRECHE-MAI-2020-recto-1024x734.jpg\" target=\"_blank\" rel=\"noreferrer noopener\"><img decoding=\"async\" src=\"https:\/\/www.pousse-poussette.fr\/wp-content\/uploads\/2020\/07\/APPEL-AUX-DONS-CRECHE-MAI-2020-recto-1024x734.jpg\" alt=\"L\u2019attribut alt de cette image est vide, son nom de fichier est APPEL-AUX-DONS-CRECHE-MAI-2020-recto-1024x734.jpg.\"\/><\/a><\/figure>\n","protected":false},"excerpt":{"rendered":"<p>2020\/2021 est une ann\u00e9e porteuse de projets pour le multi-accueil ! De grands travaux sont en projet pour apporter \u00e0 la structure d\u00e9j\u00e0 existante une extension avec la cr\u00e9ation d&rsquo;un espace d\u00e9tente \u00e0 destination des enfants,, un nouveau pr\u00e9au con\u00e7u pour limiter la chaleur dans l&rsquo;espace int\u00e9rieur et l&rsquo;exposition directe au soleil, et enfin une&#8230;<br \/><a class=\"more-link\" href=\"https:\/\/www.pousse-poussette.fr\/?page_id=3109\">Continue reading &raquo;<\/a><\/p>\n","protected":false},"author":1,"featured_media":0,"parent":1114,"menu_order":2,"comment_status":"closed","ping_status":"closed","template":"","meta":{"footnotes":""},"class_list":["post-3109","page","type-page","status-publish","hentry"],"_links":{"self":[{"href":"https:\/\/www.pousse-poussette.fr\/index.php?rest_route=\/wp\/v2\/pages\/3109","targetHints":{"allow":["GET"]}}],"collection":[{"href":"https:\/\/www.pousse-poussette.fr\/index.php?rest_route=\/wp\/v2\/pages"}],"about":[{"href":"https:\/\/www.pousse-poussette.fr\/index.php?rest_route=\/wp\/v2\/types\/page"}],"author":[{"embeddable":true,"href":"https:\/\/www.pousse-poussette.fr\/index.php?rest_route=\/wp\/v2\/users\/1"}],"replies":[{"embeddable":true,"href":"https:\/\/www.pousse-poussette.fr\/index.php?rest_route=%2Fwp%2Fv2%2Fcomments&post=3109"}],"version-history":[{"count":3,"href":"https:\/\/www.pousse-poussette.fr\/index.php?rest_route=\/wp\/v2\/pages\/3109\/revisions"}],"predecessor-version":[{"id":3433,"href":"https:\/\/www.pousse-poussette.fr\/index.php?rest_route=\/wp\/v2\/pages\/3109\/revisions\/3433"}],"up":[{"embeddable":true,"href":"https:\/\/www.pousse-poussette.fr\/index.php?rest_route=\/wp\/v2\/pages\/1114"}],"wp:attachment":[{"href":"https:\/\/www.pousse-poussette.fr\/index.php?rest_route=%2Fwp%2Fv2%2Fmedia&parent=3109"}],"curies":[{"name":"wp","href":"https:\/\/api.w.org\/{rel}","templated":true}]}}