{"id":637,"date":"2012-12-03T21:00:20","date_gmt":"2012-12-03T20:00:20","guid":{"rendered":"http:\/\/www.pousse-poussette.fr\/?page_id=637"},"modified":"2016-03-22T09:58:55","modified_gmt":"2016-03-22T08:58:55","slug":"les-conditions-dadmissions","status":"publish","type":"page","link":"https:\/\/www.pousse-poussette.fr\/?page_id=637","title":{"rendered":"Les conditions d&rsquo;admissions"},"content":{"rendered":"<p style=\"text-align: justify;\" align=\"center\"><strong>Sont prioritaires\u00a0:<\/strong><\/p>\n<ul>\n<li style=\"text-align: justify;\">les familles provenant de la Communaut\u00e9 d&rsquo;Agglom\u00e9ration d\u2019\u00c9pinal,<\/li>\n<li style=\"text-align: justify;\">Les familles habitant le quartier,<\/li>\n<li style=\"text-align: justify;\">les familles dont nous avons d\u00e9j\u00e0 accueilli le premier enfant (but\u00a0: s\u00e9curisation de l\u2019enfant et de sa famille).<\/li>\n<\/ul>\n<p style=\"text-align: justify;\"><strong><span style=\"text-decoration: underline;\">Admission<\/span>\u00a0:<\/strong> En fonction des places qui se lib\u00e8rent, nous envoyons une demande de confirmation aux parents qui ont rempli une fiche de pr\u00e9-inscription et qui peuvent \u00eatre int\u00e9ress\u00e9s. L\u2019enfant est admis quand les parents ont renvoy\u00e9 au Multi-accueil la demande de confirmation accompagn\u00e9e d\u2019un ch\u00e8que pour les frais de r\u00e9servation,\u00a0dont le montant est plafonn\u00e9 \u00e0 50\u20ac.<br \/>\nCes frais de r\u00e9servation seront d\u00e9duits du montant de la premi\u00e8re facture, mais ne seront pas r\u00e9cup\u00e9rables si les parents d\u00e9cident finalement de ne pas mettre leur enfant \u00e0 la cr\u00e8che.<\/p>\n<h6><span style=\"color: #ff99cc;\"><strong>LA QUESTION FINANCIERE<\/strong><\/span><\/h6>\n<p style=\"text-align: justify;\">Les frais de garde au Multi-accueil sont d\u00e9ductibles des\u00a0 imp\u00f4ts.<br \/>\nLe co\u00fbt r\u00e9el de l\u2019heure d\u2019accueil d\u2019un enfant se calcule en divisant la totalit\u00e9 des frais de fonctionnement du Multi-accueil par le nombre annuel d\u2019heures de fr\u00e9quentation, soit par le nombre \u00ab\u00a0d\u2019heures\/enfant\u00a0\u00bb par an.<br \/>\nChaque heure pass\u00e9e par un enfant au sein du Multi-accueil, repr\u00e9sente donc 1 \u00ab\u00a0heure\/enfant\u00a0\u00bb.<br \/>\nLes frais de fonctionnement du Multi-accueil comprennent entre autres, les couches, l\u2019alimentation, le loyer, la consommation \u00e9lectrique, les contr\u00f4les effectu\u00e9s en lien avec la s\u00e9curit\u00e9 (conformit\u00e9 de l\u2019\u00e9lectricit\u00e9, extincteurs, alarme incendie), le mat\u00e9riel p\u00e9dagogique, le personnel.<\/p>\n<p style=\"text-align: justify;\">Pour un prix de l\u2019heure r\u00e9el de 7.58\u20ac (pour l\u2019ann\u00e9e 2015 par exemple), la Caf va aider les parents \u00e0 couvrir 66 % de ce co\u00fbt.<\/p>\n<p style=\"text-align: justify;\">En vertu d\u2019une circulaire de 2000, les participations familiales compl\u00e9t\u00e9es des prestations de service Caf sont plafonn\u00e9es \u00e0 66 % des d\u00e9penses du Multi-accueil.\u00a0Il nous reste donc \u00e0 trouver 34% pour \u00e9quilibrer le budget.<\/p>\n<p style=\"text-align: justify;\">Une \u00ab\u00a0convention cadre d&rsquo;objectifs et soutien des cr\u00e8ches associatives\u00a0\u00bb entre la Communaut\u00e9 d&rsquo;Agglom\u00e9ration d\u2019\u00c9pinal et le Multi-Accueil a \u00e9t\u00e9 sign\u00e9e en 2015. L&rsquo;objectif de cette convention est de favoriser l&rsquo;\u00e9quilibre financier de la structure.<\/p>\n<p>&nbsp;<\/p>\n<table style=\"height: 91px;\" border=\"1\" width=\"821\" cellspacing=\"0\" cellpadding=\"0\">\n<tbody>\n<tr>\n<td valign=\"top\" width=\"90\"><\/td>\n<\/tr>\n<tr>\n<td valign=\"top\" width=\"70\"><\/td>\n<\/tr>\n<tr>\n<td valign=\"top\" width=\"90\"><\/td>\n<\/tr>\n<\/tbody>\n<\/table>\n<p style=\"text-align: justify;\">\n<p style=\"text-align: justify;\">La participation financi\u00e8re des parents est calcul\u00e9e chaque ann\u00e9e d&rsquo;apr\u00e8s les ressources\u00a0d\u00e9clar\u00e9es \u00e0 la CAF (N-2)\u00a0et en tenant compte de la situation familiale (\u00bd part suppl\u00e9mentaire est consentie pour un enfant reconnu avec un handicap).<\/p>\n<p style=\"text-align: justify;\">La participation financi\u00e8re des parents tient compte\u00a0:<br \/>\n&#8211; \u00a0 \u00a0des revenus,<br \/>\n&#8211; \u00a0 \u00a0de la composition de la famille,<br \/>\n&#8211; \u00a0 du nombre d\u2019heures dont les parents ont besoin au cours de la journ\u00e9e d\u2019accueil<em>.<\/em><\/p>\n","protected":false},"excerpt":{"rendered":"<p>Sont prioritaires\u00a0: les familles provenant de la Communaut\u00e9 d&rsquo;Agglom\u00e9ration d\u2019\u00c9pinal, Les familles habitant le quartier, les familles dont nous avons d\u00e9j\u00e0 accueilli le premier enfant (but\u00a0: s\u00e9curisation de l\u2019enfant et de sa famille). Admission\u00a0: En fonction des places qui se lib\u00e8rent, nous envoyons une demande de confirmation aux parents qui ont rempli une fiche de&#8230;<br \/><a class=\"more-link\" href=\"https:\/\/www.pousse-poussette.fr\/?page_id=637\">Continue reading &raquo;<\/a><\/p>\n","protected":false},"author":1,"featured_media":0,"parent":6,"menu_order":3,"comment_status":"closed","ping_status":"closed","template":"","meta":{"footnotes":""},"class_list":["post-637","page","type-page","status-publish","hentry"],"_links":{"self":[{"href":"https:\/\/www.pousse-poussette.fr\/index.php?rest_route=\/wp\/v2\/pages\/637","targetHints":{"allow":["GET"]}}],"collection":[{"href":"https:\/\/www.pousse-poussette.fr\/index.php?rest_route=\/wp\/v2\/pages"}],"about":[{"href":"https:\/\/www.pousse-poussette.fr\/index.php?rest_route=\/wp\/v2\/types\/page"}],"author":[{"embeddable":true,"href":"https:\/\/www.pousse-poussette.fr\/index.php?rest_route=\/wp\/v2\/users\/1"}],"replies":[{"embeddable":true,"href":"https:\/\/www.pousse-poussette.fr\/index.php?rest_route=%2Fwp%2Fv2%2Fcomments&post=637"}],"version-history":[{"count":24,"href":"https:\/\/www.pousse-poussette.fr\/index.php?rest_route=\/wp\/v2\/pages\/637\/revisions"}],"predecessor-version":[{"id":1613,"href":"https:\/\/www.pousse-poussette.fr\/index.php?rest_route=\/wp\/v2\/pages\/637\/revisions\/1613"}],"up":[{"embeddable":true,"href":"https:\/\/www.pousse-poussette.fr\/index.php?rest_route=\/wp\/v2\/pages\/6"}],"wp:attachment":[{"href":"https:\/\/www.pousse-poussette.fr\/index.php?rest_route=%2Fwp%2Fv2%2Fmedia&parent=637"}],"curies":[{"name":"wp","href":"https:\/\/api.w.org\/{rel}","templated":true}]}}