{"id":94,"date":"2012-11-05T21:28:29","date_gmt":"2012-11-05T20:28:29","guid":{"rendered":"http:\/\/www.pousse-poussette.fr\/?page_id=94"},"modified":"2015-01-04T23:22:06","modified_gmt":"2015-01-04T22:22:06","slug":"le-multi-accueil","status":"publish","type":"page","link":"https:\/\/www.pousse-poussette.fr\/?page_id=94","title":{"rendered":"Le Multi-accueil"},"content":{"rendered":"<ol>\n<li>\n<h5><a title=\"Pousse-Poussette le nom d\u2019une cr\u00e8che, le titre d\u2019un livre\" href=\"https:\/\/www.pousse-poussette.fr\/?page_id=112\">Pousse-Poussette, le nom d&rsquo;une cr\u00e8che, le titre d&rsquo;un livre<\/a><\/h5>\n<\/li>\n<li>\n<h5>Les objectifs et le fonctionnement de la cr\u00e8che :<\/h5>\n<h6>* Pr\u00e9sentation de la structure\u00a0:<a href=\"https:\/\/www.pousse-poussette.fr\/wp-content\/uploads\/2012\/11\/plaquette_pr%C3%A9sentation_MultiAccueil.pdf\" target=\"_blank\">\u00a0t\u00e9l\u00e9chargez la plaquette<\/a><br \/>\n*\u00a0<a title=\"Le gestionnaire, le projet d\u2019Etablissement\" href=\"https:\/\/www.pousse-poussette.fr\/?page_id=107\">Le\u00a0gestionnaire et le projet d&rsquo;Etablissement<\/a>\u00a0: pr\u00e9sentation du gestionnaire, du projet \u00e9ducatif, des actions sp\u00e9cifiques, des activit\u00e9s propos\u00e9es etc&#8230;<br \/>\n* <a title=\"Les conditions d\u2019admissions\" href=\"https:\/\/www.pousse-poussette.fr\/?page_id=637\">Les conditions d&rsquo;admissions<\/a><\/h6>\n<\/li>\n<li>\n<h5>\u00a0<a title=\"Pr\u00e9sentation de l\u2019\u00e9quipe\" href=\"https:\/\/www.pousse-poussette.fr\/?page_id=45\">Pr\u00e9sentation de l&rsquo;\u00e9quipe<\/a><\/h5>\n<\/li>\n<\/ol>\n<p>&nbsp;<\/p>\n<p>&nbsp;<\/p>\n","protected":false},"excerpt":{"rendered":"<p>Pousse-Poussette, le nom d&rsquo;une cr\u00e8che, le titre d&rsquo;un livre Les objectifs et le fonctionnement de la cr\u00e8che : * Pr\u00e9sentation de la structure\u00a0:\u00a0t\u00e9l\u00e9chargez la plaquette *\u00a0Le\u00a0gestionnaire et le projet d&rsquo;Etablissement\u00a0: pr\u00e9sentation du gestionnaire, du projet \u00e9ducatif, des actions sp\u00e9cifiques, des activit\u00e9s propos\u00e9es etc&#8230; * Les conditions d&rsquo;admissions \u00a0Pr\u00e9sentation de l&rsquo;\u00e9quipe &nbsp; &nbsp;<\/p>\n","protected":false},"author":1,"featured_media":0,"parent":0,"menu_order":1,"comment_status":"open","ping_status":"closed","template":"","meta":{"footnotes":""},"class_list":["post-94","page","type-page","status-publish","hentry"],"_links":{"self":[{"href":"https:\/\/www.pousse-poussette.fr\/index.php?rest_route=\/wp\/v2\/pages\/94","targetHints":{"allow":["GET"]}}],"collection":[{"href":"https:\/\/www.pousse-poussette.fr\/index.php?rest_route=\/wp\/v2\/pages"}],"about":[{"href":"https:\/\/www.pousse-poussette.fr\/index.php?rest_route=\/wp\/v2\/types\/page"}],"author":[{"embeddable":true,"href":"https:\/\/www.pousse-poussette.fr\/index.php?rest_route=\/wp\/v2\/users\/1"}],"replies":[{"embeddable":true,"href":"https:\/\/www.pousse-poussette.fr\/index.php?rest_route=%2Fwp%2Fv2%2Fcomments&post=94"}],"version-history":[{"count":23,"href":"https:\/\/www.pousse-poussette.fr\/index.php?rest_route=\/wp\/v2\/pages\/94\/revisions"}],"predecessor-version":[{"id":1126,"href":"https:\/\/www.pousse-poussette.fr\/index.php?rest_route=\/wp\/v2\/pages\/94\/revisions\/1126"}],"wp:attachment":[{"href":"https:\/\/www.pousse-poussette.fr\/index.php?rest_route=%2Fwp%2Fv2%2Fmedia&parent=94"}],"curies":[{"name":"wp","href":"https:\/\/api.w.org\/{rel}","templated":true}]}}